{"id":14011,"date":"2021-11-25T10:26:32","date_gmt":"2021-11-25T10:26:32","guid":{"rendered":"https:\/\/silveninternational.com\/?post_type=product&#038;p=14011"},"modified":"2024-11-13T08:53:40","modified_gmt":"2024-11-13T08:53:40","slug":"snorkel-cayo-levantado-and-farola-island-snorkeling","status":"publish","type":"product","link":"https:\/\/silveninternational.com\/et\/dominicantour\/snorkel-cayo-levantado-and-farola-island-snorkeling\/","title":{"rendered":"Snorkel Cayo Levantado ja Farola saare snorkeldamine"},"content":{"rendered":"<div class=\"vc_row wpb_row vc_row-fluid\" ><div class=\"wpb_column vc_column_container vc_col-sm-12\"><div class=\"vc_column-inner\"><div class=\"wpb_wrapper\"><div class=\"vc_empty_space\"   style=\"height: 32px\"><span class=\"vc_empty_space_inner\"><\/span><\/div><div class=\"mkdf-section-title-holder\" style=\"text-align: left\">\n\t<div class=\"mkdf-st-inner\">\n\t\t\t\t\t<h5 class=\"mkdf-st-subtitle\" >\n\t\t\t\tFrom Saman\u00e1 port Private Tour\t\t\t<\/h5>\n\t\t\t\t\t\t\t<h3 class=\"mkdf-st-title\" >\n\t\t\t\tSnorkel Cayo Levantado ja Farola saare snorkeldamine \t\t\t<\/h3>\n\t\t\t\t\t<\/div>\n<\/div><div class=\"vc_empty_space\"   style=\"height: 32px\"><span class=\"vc_empty_space_inner\"><\/span><\/div><\/div><\/div><\/div><\/div><div class=\"vc_row wpb_row vc_row-fluid\" ><div class=\"wpb_column vc_column_container vc_col-sm-12\"><div class=\"vc_column-inner\"><div class=\"wpb_wrapper\">\n\t<div class=\"wpb_text_column wpb_content_element\" >\n\t\t<div class=\"wpb_wrapper\">\n\t\t\t<div class=\"vc_row wpb_row vc_row-fluid\">\n<div class=\"wpb_column vc_column_container vc_col-sm-12\">\n<div class=\"vc_column-inner\">\n<div class=\"wpb_wrapper\">\n<div class=\"wpb_text_column wpb_content_element\">\n<div class=\"wpb_wrapper\">\n<div class=\"vc_row wpb_row vc_row-fluid\">\n<div class=\"wpb_column vc_column_container vc_col-sm-12\">\n<div class=\"vc_column-inner\">\n<div class=\"wpb_wrapper\">\n<div class=\"wpb_text_column wpb_content_element\">\n<div class=\"wpb_wrapper\">\n<h4><b><i>\u00dclevaade<\/i><\/b><\/h4>\n<p>We will be touring Cayo Levantado island and Farola, are special little Islands in Samana bay that is home to extraordinary marine life &#8211; including turtles, humpback whales, Lobsters, and Dolphins!<\/p>\n<p><strong>M\u00e4rkus:<\/strong> This tour is Private. (Just you and family or friends and Tour Guide).<\/p>\n<p>&nbsp;<\/p>\n<h4><b>Lisad ja erandid<\/b><\/h4>\n<p>&nbsp;<\/p>\n<p><b>Lisandid<\/b><\/p>\n<p>&nbsp;<\/p>\n<ol>\n<li>Reisijuht<\/li>\n<li>Paadireis<\/li>\n<li>Lifejacket<\/li>\n<li>Snorkeling kit<\/li>\n<li>K\u00f5ik maksud, tasud ja k\u00e4itlemiskulud<\/li>\n<li>Kohalikud maksud<\/li>\n<li>Beverages (Bottle of water per person)<\/li>\n<\/ol>\n<p><b>Erandid<\/b><\/p>\n<ol>\n<li>H\u00fcvitised<\/li>\n<li>Lunch ( Extra Cost 15 USD) Per Person.<\/li>\n<li>Lunch with Lobsters ( Extra Cost 25 USD) Per person.<\/li>\n<li>Transfeerauto<\/li>\n<li>Alkohoolsed joogid<\/li>\n<\/ol>\n<p>&nbsp;<\/p>\n<h4><em><strong>V\u00e4ljumine ja tagasip\u00f6\u00f6rdumine<\/strong><\/em><\/h4>\n<p>This trip starts at 8:03 Am and finishes around 12:15 Pm. But because it will be a private trip you may set the time for starting and to finish.<\/p>\n<p>Reisija saab kohtumispaiga p\u00e4rast broneerimisprotsessi. Ekskursioonid algavad ja l\u00f5pevad meie kohtumispaikades.<\/p>\n<p>&nbsp;<\/p>\n<h4><b><i>Mida oodata?<\/i><\/b><\/h4>\n<p>Snorkeling excursion with an Expert Guide to enjoy marine wildlife from the surface, with fins and mask; We will discover the paradisiacal Cayo Levantado island, snorkeling in two different places during the journey and enjoying this fascinating beach that does not have access to vehicles (Duration 4 hours).<\/p>\n<p>We will leave from the meeting point in Samana main Port at 8:30 morning, after 25 minutes of navigation we will arrive at the first snorkeling point called Cayo Farola, we will snorkel 45 minutes and continue to Cayo Levantado beach, where we can swim. , do a little more snorkeling, or just enjoy this amazing beach.<\/p>\n<p>We will enjoy a sandwich, rum, soft drink, and water and at 12 o&#8217;clock in the day we will go back to Samana port or stay at Cayo levantado. After this, we will return to the starting point. Other things to note all excursions are made by boat.<\/p>\n<p><strong>Ajakava:<\/strong><\/p>\n<p>8:30 AM \u2013 12:15 PM<\/p>\n<p>&nbsp;<\/p>\n<h4><em><strong>Mida peaksite kaasa v\u00f5tma?<\/strong><\/em><\/h4>\n<ul>\n<li>Kaamera<\/li>\n<li>R\u00e4tik<\/li>\n<li>P\u00e4ikesekaitse<\/li>\n<li>M\u00fctsike<\/li>\n<li>Mugavad p\u00fcksid ja kingad<\/li>\n<li>Sandals to the beach<\/li>\n<li>Ujumisriided<\/li>\n<li>Sularaha suveniiride ostmiseks<\/li>\n<\/ul>\n<p>&nbsp;<\/p>\n<h4><b><i>Hotelli pealev\u00f5tmine<\/i><\/b><\/h4>\n<p>Selle ekskursiooni puhul ei pakuta hotelli pealev\u00f5tmist.<\/p>\n<p>&nbsp;<\/p>\n<p><b>M\u00e4rkus:<\/b>\u00a0kui te broneerite 24 tunni jooksul enne ekskursiooni \/ ekskursiooni v\u00e4ljumise aega, saame korraldada hotelli pealev\u00f5tmise lisatasu eest. Kui teie ost on tehtud, saadame teile t\u00e4ieliku kontaktinformatsiooni (telefoninumber, e-posti aadress jne.) meie kohaliku reisijuhi jaoks, et korraldada pealev\u00f5tmine.<\/p>\n<h4><b><i>Lisainfo Kinnitus<\/i><\/b><\/h4>\n<ol>\n<li>Piletid on kviitung p\u00e4rast selle Touri maksmist. V\u00f5ite n\u00e4idata makse oma telefonis.<\/li>\n<li>Kohtumispaik saadakse p\u00e4rast broneerimisprotsessi.<\/li>\n<li>Lastel peab olema kaasas t\u00e4iskasvanu.<\/li>\n<li>ligip\u00e4\u00e4setav ratastooliga<\/li>\n<li>Imikud peavad istuma s\u00fcles<\/li>\n<li>Enamik reisijaid saab osaleda<\/li>\n<\/ol>\n<h4><b><i>T\u00fchistamispoliitika<\/i><\/b><\/h4>\n<p>T\u00e4ieliku h\u00fcvitise saamiseks t\u00fchistage reis v\u00e4hemalt 24 tundi enne kogemuse alguskuup\u00e4eva.<\/p>\n<\/div>\n<\/div>\n<\/div>\n<\/div>\n<\/div>\n<\/div>\n<\/div>\n<\/div>\n<\/div>\n<\/div>\n<\/div>\n<\/div>\n<div class=\"vc_row wpb_row vc_row-fluid\">\n<div class=\"wpb_column vc_column_container vc_col-sm-12\">\n<div class=\"vc_column-inner\">\n<div class=\"wpb_wrapper\">\n<div class=\"vc_empty_space\"><\/div>\n<div class=\"wpb_text_column wpb_content_element\">\n<div class=\"wpb_wrapper\">\n<h4>V\u00f5tke meiega \u00fchendust?<\/h4>\n<h5><b><i>Seikluste broneerimine<\/i><\/b><\/h5>\n<p><em><strong>Kohalikud<\/strong>\u00a0ja\u00a0<strong>Rahvuslased<\/strong>\u00a0Reisijuhid ja k\u00fclaliste teenindus<\/em><\/p>\n<p><span class=\"text-turquoise\">Broneeringud:<\/span>\u00a0Ekskursioonid ja ekskursioonid Dom. Rep.<\/p>\n<p><img decoding=\"async\" class=\"emoji\" draggable=\"false\" src=\"https:\/\/s.w.org\/images\/core\/emoji\/11.2.0\/svg\/1f4de.svg\" alt=\"\ud83d\udcde\" \/>\u00a0Tel \/ Whatsapp\u00a0\u00a0<a href=\"tel:+1-809-720-6035\">+1-809-720-6035<\/a>.<\/p>\n<p><img decoding=\"async\" class=\"emoji\" draggable=\"false\" src=\"https:\/\/s.w.org\/images\/core\/emoji\/11.2.0\/svg\/1f4e9.svg\" alt=\"\ud83d\udce9\" \/>\u00a0<a href=\"mailto:info@silveninternational.com\">info@silveninternational.com<\/a><\/p>\n<p><strong>Me oleme paindlik Seadistamine Private Tours poolt Whatsapp:\u00a0<a href=\"tel:+18097206035\">+18097206035.<\/a><\/strong><\/p>\n<\/div>\n<\/div>\n<\/div>\n<\/div>\n<\/div>\n<\/div>\n\n\t\t<\/div>\n\t<\/div>\n<\/div><\/div><\/div><\/div>","protected":false},"excerpt":{"rendered":"<p>Discover the vibrant underwater world of Cayo Levantado and Farola Island with our exclusive snorkeling tours! Immerse yourself in crystal-clear Caribbean waters as you explore colorful coral reefs teeming with tropical fish and marine life. Perfect for beginners and experienced snorkelers, our guided excursions provide all the gear you need and expert insights into the unique ecosystems of the Dominican Republic. Join us for a breathtaking day of adventure, relaxation, and natural beauty on this unforgettable snorkeling experience at two of the region\u2019s best snorkeling destinations<\/p>","protected":false},"featured_media":13533,"template":"","meta":[],"product_brand":[],"product_cat":[744,323],"product_tag":[339,364,403,345,474,557,437],"class_list":{"0":"post-14011","1":"product","2":"type-product","3":"status-publish","4":"has-post-thumbnail","6":"product_cat-1-samana","7":"product_cat-tours-excursions-samana-bay-dominican-republic","8":"product_tag-bacardi-island","9":"product_tag-cayo-levantado-day-pass","10":"product_tag-private-tours-samana","11":"product_tag-samana-tours","12":"product_tag-samana-whale-watching","13":"product_tag-snorkeling","14":"product_tag-whale-samana","16":"first","17":"instock","18":"sale","19":"sold-individually","20":"shipping-taxable","21":"product-type-external"},"_links":{"self":[{"href":"https:\/\/silveninternational.com\/et\/wp-json\/wp\/v2\/product\/14011","targetHints":{"allow":["GET"]}}],"collection":[{"href":"https:\/\/silveninternational.com\/et\/wp-json\/wp\/v2\/product"}],"about":[{"href":"https:\/\/silveninternational.com\/et\/wp-json\/wp\/v2\/types\/product"}],"wp:featuredmedia":[{"embeddable":true,"href":"https:\/\/silveninternational.com\/et\/wp-json\/wp\/v2\/media\/13533"}],"wp:attachment":[{"href":"https:\/\/silveninternational.com\/et\/wp-json\/wp\/v2\/media?parent=14011"}],"wp:term":[{"taxonomy":"product_brand","embeddable":true,"href":"https:\/\/silveninternational.com\/et\/wp-json\/wp\/v2\/product_brand?post=14011"},{"taxonomy":"product_cat","embeddable":true,"href":"https:\/\/silveninternational.com\/et\/wp-json\/wp\/v2\/product_cat?post=14011"},{"taxonomy":"product_tag","embeddable":true,"href":"https:\/\/silveninternational.com\/et\/wp-json\/wp\/v2\/product_tag?post=14011"}],"curies":[{"name":"wp","href":"https:\/\/api.w.org\/{rel}","templated":true}]}}