{"id":14017,"date":"2021-11-25T10:26:32","date_gmt":"2021-11-25T10:26:32","guid":{"rendered":"https:\/\/silveninternational.com\/?post_type=product&#038;p=14017"},"modified":"2021-11-25T10:26:39","modified_gmt":"2021-11-25T10:26:39","slug":"excursion-whale-watching-samana-bay-cayo-levantado-from-puerto-plata-private-transportation","status":"publish","type":"product","link":"https:\/\/silveninternational.com\/fr\/dominicantour\/excursion-whale-watching-samana-bay-cayo-levantado-from-puerto-plata-private-transportation\/","title":{"rendered":"Excursion Observation des baleines baie de Samana + Cayo Levantado depuis Puerto Plata (Transport priv\u00e9)"},"content":{"rendered":"<div class=\"vc_row wpb_row vc_row-fluid\" ><\/div><div class=\"wpb_column vc_column_container vc_col-sm-12\"><div class=\"vc_column-inner\"><div class=\"wpb_wrapper\"><\/div><\/div><\/div>\n\t<div class=\"wpb_text_column wpb_content_element\" >\n\t\t<div class=\"wpb_wrapper\">\n\t\t\t\n\t\t<\/div>\n\t<\/div>\n<div class=\"vc_row wpb_row vc_row-fluid\">\n<div class=\"wpb_column vc_column_container vc_col-sm-12\">\n<div class=\"vc_column-inner\">\n<div class=\"wpb_wrapper\">\n<div class=\"wpb_text_column wpb_content_element\">\n<div class=\"wpb_wrapper\">\n<h3>Excursion Whale Watching Samana bay + Cayo Levantado from Puerto Plata (Private Transportation)<\/h3>\n<p>Starting from Puerto Plata, Sosua or Cabarete. We pick you up at your place and drive to Saman\u00e1 Bay. This Trip starts at Saman\u00e1 port at 9:00 Am and Finishes at 5:00 Pm but we can be flexible with the time to bring you back to your place.<\/p>\n<p>After aborting our Catamaran or Boat to visit the Whales in their own habitat. From 9:00 Am until 12:00-noon Whale observatory and After this Whale watching trip we will visit Bacardi Island \/ Cayo Levantado. In Bacardi Island, Lunch Buffet from typical Dominican Style will be provided. When lunch is finished you are allowed to swim until 4:30 pm. Tour will be finished at the same port from where will start at 5:00 pm.<\/p>\n<p><em><strong>Note: This tour is Not Private.\u00a0 Just Private transportation from Puerto Plata. For Private boat tour please contact us.<\/strong><\/em><\/p>\n<ul>\n<li>Observation des baleines<\/li>\n<li>Pick up from Puerto Plata areas.<\/li>\n<li>Droits d'entr\u00e9e \u00e0 l'Observatoire<\/li>\n<li>D\u00e9jeuner buffet sur la plage inclus<\/li>\n<li>Transfert de bateau<\/li>\n<li>Le capitaine assure l'instruction et la supervision<\/li>\n<li>Guide touristique<\/li>\n<\/ul>\n<p>&nbsp;<\/p>\n<h4><b>Inclusions et exclusions<\/b><\/h4>\n<p>&nbsp;<\/p>\n<p><b>Inclusions<\/b><\/p>\n<p>&nbsp;<\/p>\n<ol>\n<li>D\u00e9jeuner buffet sur la plage<\/li>\n<li>Voiture de transfert<\/li>\n<li>Tour Guide at the Whale Watching trip<\/li>\n<li>Excursion en catamaran ou en bateau<\/li>\n<li>Toutes les taxes, tous les frais et tous les frais de gestion<\/li>\n<li>Imp\u00f4ts locaux<\/li>\n<li>Boissons<\/li>\n<\/ol>\n<p><b>Exclusions<\/b><\/p>\n<ol>\n<li>Pourboires<\/li>\n<li>Boissons alcoolis\u00e9es<\/li>\n<\/ol>\n<p>&nbsp;<\/p>\n<h4><em><strong>D\u00e9part et retour<\/strong><\/em><\/h4>\n<p>The traveler will get a meeting point time after the Reservation Process. Tours start and Finished in our meeting points.<\/p>\n<p>&nbsp;<\/p>\n<h4><b><i>\u00c0 quoi s'attendre ?<\/i><\/b><\/h4>\n<p>&nbsp;<\/p>\n<p><em><strong>Achetez vos billets<\/strong><\/em> for a day Whale Watching tour in Samana bay starting from Sosua, Cabarete or any area in Puerto Plata. avoid transportation with big groups and enjoy a wonderful lunch and beach time.<\/p>\n<p>The Daypass for whale watching from Puerto Plata is organized by \u201cBooking Adventures\u201d starts at the meeting point set with the by whatsapp or mail. Lunch at the beach and you can stay as long as you want swimming around. If you are Vegan we also can set some food for you.<\/p>\n<p><strong>Calendrier :<\/strong><\/p>\n<p>5:45 AM \u2013 4:00 PM time may change according to your needs.<\/p>\n<p>&nbsp;<\/p>\n<h4><em><strong>Que faut-il apporter ?<\/strong><\/em><\/h4>\n<ul>\n<li>Appareil photo<\/li>\n<li>Bourgeons r\u00e9pulsifs<\/li>\n<li>cr\u00e8me solaire<\/li>\n<li>Chapeau<\/li>\n<li>Pantalon confortable<\/li>\n<li>Des sandales pour la plage<\/li>\n<li>V\u00eatements de bain<\/li>\n<li>Argent liquide pour les souvenirs<\/li>\n<\/ul>\n<p>&nbsp;<\/p>\n<h4><b><i>Ramassage \u00e0 l'h\u00f4tel<\/i><\/b><\/h4>\n<p>Une prise en charge \u00e0 l'h\u00f4tel est propos\u00e9e pour ce circuit.<\/p>\n<p>&nbsp;<\/p>\n<p><b>Remarque :<\/b> if you are booking within 24 hours of the tour\/Excursion departure time, we will make arrangements for hotel pick-up. Once your purchase is complete, we will send you complete contact information (phone number, email address, etc.) for our local Tour guide to organize pick-up arrangements.<\/p>\n<h4><b><i>Informations compl\u00e9mentaires Confirmation<\/i><\/b><\/h4>\n<ol>\n<li>Les billets sont le re\u00e7u apr\u00e8s le paiement de cette tourn\u00e9e. Vous pouvez montrer le paiement sur votre t\u00e9l\u00e9phone.<\/li>\n<li>Le point de rencontre sera communiqu\u00e9 apr\u00e8s le processus de r\u00e9servation.<\/li>\n<li>Les enfants doivent \u00eatre accompagn\u00e9s d'un adulte.<\/li>\n<li>accessible en fauteuil roulant<\/li>\n<li>Les enfants en bas \u00e2ge doivent \u00eatre assis sur les genoux<\/li>\n<li>La plupart des voyageurs peuvent participer<\/li>\n<\/ol>\n<h4><b><i>Politique d'annulation<\/i><\/b><\/h4>\n<p>Pour obtenir un remboursement complet, il faut annuler au moins 24 heures avant la date de d\u00e9but de l'exp\u00e9rience.<\/p>\n<\/div>\n<\/div>\n<\/div>\n<\/div>\n<\/div>\n<\/div>\n<div class=\"vc_row wpb_row vc_row-fluid\">\n<div class=\"wpb_column vc_column_container vc_col-sm-12\">\n<div class=\"vc_column-inner\">\n<div class=\"wpb_wrapper\">\n<div class=\"wpb_text_column wpb_content_element\">\n<div class=\"wpb_wrapper\">\n<h4>Nous contacter ?<\/h4>\n<h5><b><i>EXCURSION BALEINES SAMANA<\/i><\/b><\/h5>\n<p><em><strong>Locaux<\/strong>\u00a0et\u00a0<strong>Nationales<\/strong>\u00a0Guides touristiques et services aux visiteurs<\/em><\/p>\n<p><span class=\"text-turquoise\"><span style=\"vertical-align: inherit;\"><span style=\"vertical-align: inherit;\">R\u00e9serves :<\/span><\/span><\/span><span style=\"vertical-align: inherit;\"><span style=\"vertical-align: inherit;\"> \u00a0Excursions et visites guid\u00e9es \u00e0 Dom. <\/span><span style=\"vertical-align: inherit;\">Repr\u00e9sentants.<\/span><\/span><\/p>\n<p><img decoding=\"async\" class=\"emoji\" draggable=\"false\" src=\"https:\/\/s.w.org\/images\/core\/emoji\/11.2.0\/svg\/1f4de.svg\" alt=\"\ud83d\udcde\" \/><span style=\"vertical-align: inherit;\"><span style=\"vertical-align: inherit;\">\u00a0T\u00e9l \/ Whatsapp\u00a0\u00a0 <\/span><\/span><a href=\"tel:+1-809-720-6035\"><span style=\"vertical-align: inherit;\"><span style=\"vertical-align: inherit;\">+ 1-809-720-6035<\/span><\/span><\/a><span style=\"vertical-align: inherit;\"><span style=\"vertical-align: inherit;\"> .<\/span><\/span><\/p>\n<p><img decoding=\"async\" class=\"emoji\" draggable=\"false\" src=\"https:\/\/s.w.org\/images\/core\/emoji\/11.2.0\/svg\/1f4e9.svg\" alt=\"\ud83d\udce9\" \/>\u00a0<a href=\"mailto:info@silveninternational.com\"><span style=\"vertical-align: inherit;\"><span style=\"vertical-align: inherit;\">info@silveninternational.com<\/span><\/span><\/a><\/p>\n<p><strong><span style=\"vertical-align: inherit;\"><span style=\"vertical-align: inherit;\">Nous sommes des tours priv\u00e9s de configuration flexible par Whatsapp :\u00a0 <\/span><\/span><a href=\"tel:+18097206035\"><span style=\"vertical-align: inherit;\"><span style=\"vertical-align: inherit;\">+18097206035.<\/span><\/span><\/a><\/strong><\/p>\n<\/div>\n<\/div>\n<\/div>\n<\/div>\n<\/div>\n<\/div>\n<p><span style=\"vertical-align: inherit;\"><span style=\"vertical-align: inherit;\">[\/ vc_column_text] [\/ vc_column] [\/ vc_row]<\/span><\/span><\/p>","protected":false},"excerpt":{"rendered":"<p><span style=\"vertical-align: inherit;\"><span style=\"vertical-align: inherit;\">Desde Puerto Plata, Sosua o Cabarete hasta el puerto de la bah\u00eda de Saman\u00e1. <\/span><span style=\"vertical-align: inherit;\">Con Gu\u00edas Tur\u00edsticos Profesionales Naturalistas en Avistamiento de Ballenas. <\/span><span style=\"vertical-align: inherit;\">Si desea ponerse en contacto con nosotros para recibir asesoramiento, env\u00ede un correo electr\u00f3nico, Whatsapp o Llamadas disponibles.<\/span><\/span><\/p>\n<p><span style=\"vertical-align: inherit;\"><span style=\"vertical-align: inherit;\">Por favor reserve sus boletos con tiempo. <\/span><span style=\"vertical-align: inherit;\">En la temporada de ballenas hay muchas reservas y nos gustar\u00eda tener sus entradas a salvo para usted. <\/span><span style=\"vertical-align: inherit;\">Establecer lugar para recoger y tiempo con nosotros.<\/span><\/span><\/p>\n<p><em><strong><span style=\"vertical-align: inherit;\"><span style=\"vertical-align: inherit;\">S\u00e9lectionnez la date de l'excursion :<\/span><\/span><\/strong><\/em><\/p>","protected":false},"featured_media":13809,"template":"","meta":[],"product_brand":[],"product_cat":[757,744,676,677,678,679,680,681,669,682,683],"product_tag":[344,672,673,596,674,437,439,675],"class_list":{"0":"post-14017","1":"product","2":"type-product","3":"status-publish","4":"has-post-thumbnail","6":"product_cat-1-puerto-plata","7":"product_cat-1-samana","8":"product_cat-puerto-plata-2021","9":"product_cat-tours-excursions","10":"product_cat-tours-excursions-whale-watching-samana-bay-dominican-republic","11":"product_cat-whale-miches","12":"product_cat-whale-sabana-de-la-mar","13":"product_cat-whale-samana","14":"product_cat-whale-watching","15":"product_cat-whale-watching-puerto-plata","16":"product_cat-whale-watching-punta-cana","17":"product_tag-samana","18":"product_tag-samana-tour","19":"product_tag-whale","20":"product_tag-whale-punta-cana","21":"product_tag-whale-sabana-de-la-mar","22":"product_tag-whale-samana","23":"product_tag-whale-watching-dominican-republic","24":"product_tag-whales-trips","26":"first","27":"instock","28":"sale","29":"virtual","30":"purchasable","31":"product-type-simple"},"_links":{"self":[{"href":"https:\/\/silveninternational.com\/fr\/wp-json\/wp\/v2\/product\/14017","targetHints":{"allow":["GET"]}}],"collection":[{"href":"https:\/\/silveninternational.com\/fr\/wp-json\/wp\/v2\/product"}],"about":[{"href":"https:\/\/silveninternational.com\/fr\/wp-json\/wp\/v2\/types\/product"}],"wp:featuredmedia":[{"embeddable":true,"href":"https:\/\/silveninternational.com\/fr\/wp-json\/wp\/v2\/media\/13809"}],"wp:attachment":[{"href":"https:\/\/silveninternational.com\/fr\/wp-json\/wp\/v2\/media?parent=14017"}],"wp:term":[{"taxonomy":"product_brand","embeddable":true,"href":"https:\/\/silveninternational.com\/fr\/wp-json\/wp\/v2\/product_brand?post=14017"},{"taxonomy":"product_cat","embeddable":true,"href":"https:\/\/silveninternational.com\/fr\/wp-json\/wp\/v2\/product_cat?post=14017"},{"taxonomy":"product_tag","embeddable":true,"href":"https:\/\/silveninternational.com\/fr\/wp-json\/wp\/v2\/product_tag?post=14017"}],"curies":[{"name":"wp","href":"https:\/\/api.w.org\/{rel}","templated":true}]}}