{"id":6861,"date":"2018-10-02T15:35:46","date_gmt":"2018-10-02T15:35:46","guid":{"rendered":"https:\/\/www.ticketswhales.com\/404-error-page\/"},"modified":"2018-10-02T15:35:46","modified_gmt":"2018-10-02T15:35:46","slug":"404-error-page","status":"publish","type":"page","link":"https:\/\/silveninternational.com\/hu\/404-error-page\/","title":{"rendered":"404 Error, content does not exist anymore"},"content":{"rendered":"<div class=\"vc_row wpb_row vc_row-fluid vc_custom_1541938931908 vc_row-has-fill\" ><div class=\"wpb_column vc_column_container vc_col-sm-12 vc_col-has-fill\"><div class=\"vc_column-inner vc_custom_1539856232635\"><div class=\"wpb_wrapper\">\n\t<div class=\"wpb_text_column wpb_content_element  vc_custom_1541938977580\" >\n\t\t<div class=\"wpb_wrapper\">\n\t\t\t<div class=\"wall\" style=\"background-color: #f2f3f7; border: 30px solid #fff; width: 90%; height: 90%; margin: 0 auto;\">\n<h1 style=\"text-align: center; font-family: 'open-sans', arial; color: #444; font-size: 60px; padding: 50px;\">ERROR 404<br \/>\n&#8211;<br \/>\nNOT FOUND<\/h1>\n<p style=\"text-align: center; font-family: 'open-sans', arial; color: #444; font-size: 40px; padding: 20px; line-height: 55px;\">\/\/ You may have mis-typed the URL,<br \/>\n\/\/ Or the page has been removed,<br \/>\n\/\/ Actually, there is nothing to see here&#8230;<\/p>\n<p style=\"text-align: center;\"><a style=\"font-family: &#039;open-sans&#039;, arial; color: #444; font-size: 20px; padding: 20px; line-height: 30px; text-decoration: none;\" href=\"https:\/\/www.ticketswhales.com\" target=\"_blank\" rel=\"noopener\">&lt;&lt; Go back to home page &gt;&gt;<\/a><\/p>\n<\/div>\n\n\t\t<\/div>\n\t<\/div>\n<div class=\"vc_empty_space\"   style=\"height: 32px\"><span class=\"vc_empty_space_inner\"><\/span><\/div><\/div><\/div><\/div><\/div><div class=\"vc_row wpb_row vc_row-fluid\" ><div class=\"wpb_column vc_column_container vc_col-sm-12\"><div class=\"vc_column-inner\"><div class=\"wpb_wrapper\"><div class=\"mkdf-tour-type-list-holder\">\n\t\t\t<div class=\"mkdf-tours-row mkdf-tr-normal-space-lr-only\">\n\t\t\t<div class=\"mkdf-tours-row-inner-holder\">\n\t\t\t\t\t\t\t\t\t\t\t\t\t\t<div class=\"mkdf-tours-type-item mkdf-tours-row-item\">\n\t\t\t\t\t\t<a href=\"https:\/\/silveninternational.com\/hu\/tour-item\/?type%5B%5D=adventure\">\n\t\t\t\t\t\t\t\t\t\t\t\t\t\t<span class=\"mkdf-tour-type-icon\">\n\t\t\t\t\t\t\t\t<span aria-hidden=\"true\" class=\"mkdf-icon-font-elegant icon_heart\" ><\/span>\t\t\t\t\t\t\t<\/span>\n\t\t\t\t\t\t\t\n\t\t\t\t\t\t\t<h5 class=\"mkdf-tour-type-name\">\n\t\t\t\t\t\t\t\tKaland\t\t\t\t\t\t\t<\/h5>\n\n\t\t\t\t\t\t\t\t\t\t\t\t\t\t\t<span class=\"mkdf-tour-type-min-price-holder\">\n\t\t\t\t\t\t\t\t<span class=\"mkdf-tour-type-min-price-label\">\n\t\t\t\t\t\t\t\t\tFrom\t\t\t\t\t\t\t\t<\/span>\n\t\t\t\t\t\t\t\t<span class=\"mkdf-tour-type-min-price\">\n\t\t\t\t\t\t\t\t\t$780\t\t\t\t\t\t\t\t<\/span>\n\t\t\t\t\t\t\t<\/span>\n\t\t\t\t\t\t\t\t\t\t\t\t\t<\/a>\n\t\t\t\t\t<\/div>\n\t\t\t\t\t\t\t\t\t\t\t\t\t\t<div class=\"mkdf-tours-type-item mkdf-tours-row-item\">\n\t\t\t\t\t\t<a href=\"https:\/\/silveninternational.com\/hu\/tour-item\/?type%5B%5D=all-tours-todos-los-tours\">\n\t\t\t\t\t\t\t\n\t\t\t\t\t\t\t<h5 class=\"mkdf-tour-type-name\">\n\t\t\t\t\t\t\t\tMinden - Todos\t\t\t\t\t\t\t<\/h5>\n\n\t\t\t\t\t\t\t\t\t\t\t\t\t\t\t<span class=\"mkdf-tour-type-min-price-holder\">\n\t\t\t\t\t\t\t\t<span class=\"mkdf-tour-type-min-price-label\">\n\t\t\t\t\t\t\t\t\tFrom\t\t\t\t\t\t\t\t<\/span>\n\t\t\t\t\t\t\t\t<span class=\"mkdf-tour-type-min-price\">\n\t\t\t\t\t\t\t\t\t$50\t\t\t\t\t\t\t\t<\/span>\n\t\t\t\t\t\t\t<\/span>\n\t\t\t\t\t\t\t\t\t\t\t\t\t<\/a>\n\t\t\t\t\t<\/div>\n\t\t\t\t\t\t\t\t\t\t\t\t\t\t<div class=\"mkdf-tours-type-item mkdf-tours-row-item\">\n\t\t\t\t\t\t<a href=\"https:\/\/silveninternational.com\/hu\/tour-item\/?type%5B%5D=ballenas-jorobadas-samana\">\n\t\t\t\t\t\t\t\n\t\t\t\t\t\t\t<h5 class=\"mkdf-tour-type-name\">\n\t\t\t\t\t\t\t\tBallenas Jorobadas\t\t\t\t\t\t\t<\/h5>\n\n\t\t\t\t\t\t\t\t\t\t\t\t\t\t\t<span class=\"mkdf-tour-type-min-price-holder\">\n\t\t\t\t\t\t\t\t<span class=\"mkdf-tour-type-min-price-label\">\n\t\t\t\t\t\t\t\t\tFrom\t\t\t\t\t\t\t\t<\/span>\n\t\t\t\t\t\t\t\t<span class=\"mkdf-tour-type-min-price\">\n\t\t\t\t\t\t\t\t\t$50\t\t\t\t\t\t\t\t<\/span>\n\t\t\t\t\t\t\t<\/span>\n\t\t\t\t\t\t\t\t\t\t\t\t\t<\/a>\n\t\t\t\t\t<\/div>\n\t\t\t\t\t\t\t\t\t\t\t\t\t\t<div class=\"mkdf-tours-type-item mkdf-tours-row-item\">\n\t\t\t\t\t\t<a href=\"https:\/\/silveninternational.com\/hu\/tour-item\/?type%5B%5D=cano-hondo-hotel\">\n\t\t\t\t\t\t\t\n\t\t\t\t\t\t\t<h5 class=\"mkdf-tour-type-name\">\n\t\t\t\t\t\t\t\tCano Hondo\t\t\t\t\t\t\t<\/h5>\n\n\t\t\t\t\t\t\t\t\t\t\t\t\t\t\t<span class=\"mkdf-tour-type-min-price-holder\">\n\t\t\t\t\t\t\t\t<span class=\"mkdf-tour-type-min-price-label\">\n\t\t\t\t\t\t\t\t\tFrom\t\t\t\t\t\t\t\t<\/span>\n\t\t\t\t\t\t\t\t<span class=\"mkdf-tour-type-min-price\">\n\t\t\t\t\t\t\t\t\t$50\t\t\t\t\t\t\t\t<\/span>\n\t\t\t\t\t\t\t<\/span>\n\t\t\t\t\t\t\t\t\t\t\t\t\t<\/a>\n\t\t\t\t\t<\/div>\n\t\t\t\t\t\t\t\t\t\t\t\t\t\t<div class=\"mkdf-tours-type-item mkdf-tours-row-item\">\n\t\t\t\t\t\t<a href=\"https:\/\/silveninternational.com\/hu\/tour-item\/?type%5B%5D=cano-hondo-tours\">\n\t\t\t\t\t\t\t\n\t\t\t\t\t\t\t<h5 class=\"mkdf-tour-type-name\">\n\t\t\t\t\t\t\t\tCano Hondo t\u00far\u00e1k\t\t\t\t\t\t\t<\/h5>\n\n\t\t\t\t\t\t\t\t\t\t\t\t\t\t\t<span class=\"mkdf-tour-type-min-price-holder\">\n\t\t\t\t\t\t\t\t<span class=\"mkdf-tour-type-min-price-label\">\n\t\t\t\t\t\t\t\t\tFrom\t\t\t\t\t\t\t\t<\/span>\n\t\t\t\t\t\t\t\t<span class=\"mkdf-tour-type-min-price\">\n\t\t\t\t\t\t\t\t\t$45\t\t\t\t\t\t\t\t<\/span>\n\t\t\t\t\t\t\t<\/span>\n\t\t\t\t\t\t\t\t\t\t\t\t\t<\/a>\n\t\t\t\t\t<\/div>\n\t\t\t\t\t\t\t\t\t\t\t\t\t\t<div class=\"mkdf-tours-type-item mkdf-tours-row-item\">\n\t\t\t\t\t\t<a href=\"https:\/\/silveninternational.com\/hu\/tour-item\/?type%5B%5D=cayo-levantado\">\n\t\t\t\t\t\t\t\n\t\t\t\t\t\t\t<h5 class=\"mkdf-tour-type-name\">\n\t\t\t\t\t\t\t\tCayo Levantado-Bacardi sziget\t\t\t\t\t\t\t<\/h5>\n\n\t\t\t\t\t\t\t\t\t\t\t\t\t\t\t<span class=\"mkdf-tour-type-min-price-holder\">\n\t\t\t\t\t\t\t\t<span class=\"mkdf-tour-type-min-price-label\">\n\t\t\t\t\t\t\t\t\tFrom\t\t\t\t\t\t\t\t<\/span>\n\t\t\t\t\t\t\t\t<span class=\"mkdf-tour-type-min-price\">\n\t\t\t\t\t\t\t\t\t$65\t\t\t\t\t\t\t\t<\/span>\n\t\t\t\t\t\t\t<\/span>\n\t\t\t\t\t\t\t\t\t\t\t\t\t<\/a>\n\t\t\t\t\t<\/div>\n\t\t\t\t\t\t\t\t\t\t\t\t\t\t<div class=\"mkdf-tours-type-item mkdf-tours-row-item\">\n\t\t\t\t\t\t<a href=\"https:\/\/silveninternational.com\/hu\/tour-item\/?type%5B%5D=destination\">\n\t\t\t\t\t\t\t\t\t\t\t\t\t\t<span class=\"mkdf-tour-type-icon\">\n\t\t\t\t\t\t\t\t<span aria-hidden=\"true\" class=\"mkdf-icon-font-elegant icon_heart\" ><\/span>\t\t\t\t\t\t\t<\/span>\n\t\t\t\t\t\t\t\n\t\t\t\t\t\t\t<h5 class=\"mkdf-tour-type-name\">\n\t\t\t\t\t\t\t\t\u00dati c\u00e9l\t\t\t\t\t\t\t<\/h5>\n\n\t\t\t\t\t\t\t\t\t\t\t\t\t\t\t<span class=\"mkdf-tour-type-min-price-holder\">\n\t\t\t\t\t\t\t\t<span class=\"mkdf-tour-type-min-price-label\">\n\t\t\t\t\t\t\t\t\tFrom\t\t\t\t\t\t\t\t<\/span>\n\t\t\t\t\t\t\t\t<span class=\"mkdf-tour-type-min-price\">\n\t\t\t\t\t\t\t\t\t$980\t\t\t\t\t\t\t\t<\/span>\n\t\t\t\t\t\t\t<\/span>\n\t\t\t\t\t\t\t\t\t\t\t\t\t<\/a>\n\t\t\t\t\t<\/div>\n\t\t\t\t\t\t\t\t\t\t\t\t\t\t<div class=\"mkdf-tours-type-item mkdf-tours-row-item\">\n\t\t\t\t\t\t<a href=\"https:\/\/silveninternational.com\/hu\/tour-item\/?type%5B%5D=explore\">\n\t\t\t\t\t\t\t\t\t\t\t\t\t\t<span class=\"mkdf-tour-type-icon\">\n\t\t\t\t\t\t\t\t<span aria-hidden=\"true\" class=\"mkdf-icon-font-elegant icon_heart\" ><\/span>\t\t\t\t\t\t\t<\/span>\n\t\t\t\t\t\t\t\n\t\t\t\t\t\t\t<h5 class=\"mkdf-tour-type-name\">\n\t\t\t\t\t\t\t\tFedezze fel a  oldalt.\t\t\t\t\t\t\t<\/h5>\n\n\t\t\t\t\t\t\t\t\t\t\t\t\t\t\t<span class=\"mkdf-tour-type-min-price-holder\">\n\t\t\t\t\t\t\t\t<span class=\"mkdf-tour-type-min-price-label\">\n\t\t\t\t\t\t\t\t\tFrom\t\t\t\t\t\t\t\t<\/span>\n\t\t\t\t\t\t\t\t<span class=\"mkdf-tour-type-min-price\">\n\t\t\t\t\t\t\t\t\t$1000\t\t\t\t\t\t\t\t<\/span>\n\t\t\t\t\t\t\t<\/span>\n\t\t\t\t\t\t\t\t\t\t\t\t\t<\/a>\n\t\t\t\t\t<\/div>\n\t\t\t\t\t\t\t\t\t\t\t\t\t\t<div class=\"mkdf-tours-type-item mkdf-tours-row-item\">\n\t\t\t\t\t\t<a href=\"https:\/\/silveninternational.com\/hu\/tour-item\/?type%5B%5D=groups\">\n\t\t\t\t\t\t\t\n\t\t\t\t\t\t\t<h5 class=\"mkdf-tour-type-name\">\n\t\t\t\t\t\t\t\tGrupos\t\t\t\t\t\t\t<\/h5>\n\n\t\t\t\t\t\t\t\t\t\t\t\t\t\t\t<span class=\"mkdf-tour-type-min-price-holder\">\n\t\t\t\t\t\t\t\t<span class=\"mkdf-tour-type-min-price-label\">\n\t\t\t\t\t\t\t\t\tFrom\t\t\t\t\t\t\t\t<\/span>\n\t\t\t\t\t\t\t\t<span class=\"mkdf-tour-type-min-price\">\n\t\t\t\t\t\t\t\t\t$45\t\t\t\t\t\t\t\t<\/span>\n\t\t\t\t\t\t\t<\/span>\n\t\t\t\t\t\t\t\t\t\t\t\t\t<\/a>\n\t\t\t\t\t<\/div>\n\t\t\t\t\t\t\t\t\t\t\t\t\t\t<div class=\"mkdf-tours-type-item mkdf-tours-row-item\">\n\t\t\t\t\t\t<a href=\"https:\/\/silveninternational.com\/hu\/tour-item\/?type%5B%5D=holidays\">\n\t\t\t\t\t\t\t\t\t\t\t\t\t\t<span class=\"mkdf-tour-type-icon\">\n\t\t\t\t\t\t\t\t<span aria-hidden=\"true\" class=\"mkdf-icon-font-elegant icon_heart\" ><\/span>\t\t\t\t\t\t\t<\/span>\n\t\t\t\t\t\t\t\n\t\t\t\t\t\t\t<h5 class=\"mkdf-tour-type-name\">\n\t\t\t\t\t\t\t\t\u00dcnnepek\t\t\t\t\t\t\t<\/h5>\n\n\t\t\t\t\t\t\t\t\t\t\t\t\t\t\t<span class=\"mkdf-tour-type-min-price-holder\">\n\t\t\t\t\t\t\t\t<span class=\"mkdf-tour-type-min-price-label\">\n\t\t\t\t\t\t\t\t\tFrom\t\t\t\t\t\t\t\t<\/span>\n\t\t\t\t\t\t\t\t<span class=\"mkdf-tour-type-min-price\">\n\t\t\t\t\t\t\t\t\t$1350\t\t\t\t\t\t\t\t<\/span>\n\t\t\t\t\t\t\t<\/span>\n\t\t\t\t\t\t\t\t\t\t\t\t\t<\/a>\n\t\t\t\t\t<\/div>\n\t\t\t\t\t\t\t\t\t\t\t\t\t\t<div class=\"mkdf-tours-type-item mkdf-tours-row-item\">\n\t\t\t\t\t\t<a href=\"https:\/\/silveninternational.com\/hu\/tour-item\/?type%5B%5D=hotel\">\n\t\t\t\t\t\t\t\n\t\t\t\t\t\t\t<h5 class=\"mkdf-tour-type-name\">\n\t\t\t\t\t\t\t\tHotel\t\t\t\t\t\t\t<\/h5>\n\n\t\t\t\t\t\t\t\t\t\t\t\t\t\t\t<span class=\"mkdf-tour-type-min-price-holder\">\n\t\t\t\t\t\t\t\t<span class=\"mkdf-tour-type-min-price-label\">\n\t\t\t\t\t\t\t\t\tFrom\t\t\t\t\t\t\t\t<\/span>\n\t\t\t\t\t\t\t\t<span class=\"mkdf-tour-type-min-price\">\n\t\t\t\t\t\t\t\t\t$50\t\t\t\t\t\t\t\t<\/span>\n\t\t\t\t\t\t\t<\/span>\n\t\t\t\t\t\t\t\t\t\t\t\t\t<\/a>\n\t\t\t\t\t<\/div>\n\t\t\t\t\t\t\t\t\t\t\t\t\t\t<div class=\"mkdf-tours-type-item mkdf-tours-row-item\">\n\t\t\t\t\t\t<a href=\"https:\/\/silveninternational.com\/hu\/tour-item\/?type%5B%5D=los-haitises\">\n\t\t\t\t\t\t\t\n\t\t\t\t\t\t\t<h5 class=\"mkdf-tour-type-name\">\n\t\t\t\t\t\t\t\tLos Haitises\t\t\t\t\t\t\t<\/h5>\n\n\t\t\t\t\t\t\t\t\t\t\t\t\t<\/a>\n\t\t\t\t\t<\/div>\n\t\t\t\t\t\t\t\t\t\t\t\t\t\t<div class=\"mkdf-tours-type-item mkdf-tours-row-item\">\n\t\t\t\t\t\t<a href=\"https:\/\/silveninternational.com\/hu\/tour-item\/?type%5B%5D=los-haitises-tours\">\n\t\t\t\t\t\t\t\n\t\t\t\t\t\t\t<h5 class=\"mkdf-tour-type-name\">\n\t\t\t\t\t\t\t\tLos Haitises t\u00far\u00e1k\t\t\t\t\t\t\t<\/h5>\n\n\t\t\t\t\t\t\t\t\t\t\t\t\t\t\t<span class=\"mkdf-tour-type-min-price-holder\">\n\t\t\t\t\t\t\t\t<span class=\"mkdf-tour-type-min-price-label\">\n\t\t\t\t\t\t\t\t\tFrom\t\t\t\t\t\t\t\t<\/span>\n\t\t\t\t\t\t\t\t<span class=\"mkdf-tour-type-min-price\">\n\t\t\t\t\t\t\t\t\t$50\t\t\t\t\t\t\t\t<\/span>\n\t\t\t\t\t\t\t<\/span>\n\t\t\t\t\t\t\t\t\t\t\t\t\t<\/a>\n\t\t\t\t\t<\/div>\n\t\t\t\t\t\t\t\t\t\t\t\t\t\t<div class=\"mkdf-tours-type-item mkdf-tours-row-item\">\n\t\t\t\t\t\t<a href=\"https:\/\/silveninternational.com\/hu\/tour-item\/?type%5B%5D=on-budget\">\n\t\t\t\t\t\t\t\t\t\t\t\t\t\t<span class=\"mkdf-tour-type-icon\">\n\t\t\t\t\t\t\t\t<span aria-hidden=\"true\" class=\"mkdf-icon-font-elegant icon_heart\" ><\/span>\t\t\t\t\t\t\t<\/span>\n\t\t\t\t\t\t\t\n\t\t\t\t\t\t\t<h5 class=\"mkdf-tour-type-name\">\n\t\t\t\t\t\t\t\tA k\u00f6lts\u00e9gvet\u00e9sben\t\t\t\t\t\t\t<\/h5>\n\n\t\t\t\t\t\t\t\t\t\t\t\t\t\t\t<span class=\"mkdf-tour-type-min-price-holder\">\n\t\t\t\t\t\t\t\t<span class=\"mkdf-tour-type-min-price-label\">\n\t\t\t\t\t\t\t\t\tFrom\t\t\t\t\t\t\t\t<\/span>\n\t\t\t\t\t\t\t\t<span class=\"mkdf-tour-type-min-price\">\n\t\t\t\t\t\t\t\t\t$1200\t\t\t\t\t\t\t\t<\/span>\n\t\t\t\t\t\t\t<\/span>\n\t\t\t\t\t\t\t\t\t\t\t\t\t<\/a>\n\t\t\t\t\t<\/div>\n\t\t\t\t\t\t\t\t\t\t\t\t\t\t<div class=\"mkdf-tours-type-item mkdf-tours-row-item\">\n\t\t\t\t\t\t<a href=\"https:\/\/silveninternational.com\/hu\/tour-item\/?type%5B%5D=popular\">\n\t\t\t\t\t\t\t\t\t\t\t\t\t\t<span class=\"mkdf-tour-type-icon\">\n\t\t\t\t\t\t\t\t<span aria-hidden=\"true\" class=\"mkdf-icon-font-elegant icon_heart\" ><\/span>\t\t\t\t\t\t\t<\/span>\n\t\t\t\t\t\t\t\n\t\t\t\t\t\t\t<h5 class=\"mkdf-tour-type-name\">\n\t\t\t\t\t\t\t\tN\u00e9pszer\u0171\t\t\t\t\t\t\t<\/h5>\n\n\t\t\t\t\t\t\t\t\t\t\t\t\t\t\t<span class=\"mkdf-tour-type-min-price-holder\">\n\t\t\t\t\t\t\t\t<span class=\"mkdf-tour-type-min-price-label\">\n\t\t\t\t\t\t\t\t\tFrom\t\t\t\t\t\t\t\t<\/span>\n\t\t\t\t\t\t\t\t<span class=\"mkdf-tour-type-min-price\">\n\t\t\t\t\t\t\t\t\t$1350\t\t\t\t\t\t\t\t<\/span>\n\t\t\t\t\t\t\t<\/span>\n\t\t\t\t\t\t\t\t\t\t\t\t\t<\/a>\n\t\t\t\t\t<\/div>\n\t\t\t\t\t\t\t\t\t\t\t\t\t\t<div class=\"mkdf-tours-type-item mkdf-tours-row-item\">\n\t\t\t\t\t\t<a href=\"https:\/\/silveninternational.com\/hu\/tour-item\/?type%5B%5D=private\">\n\t\t\t\t\t\t\t\n\t\t\t\t\t\t\t<h5 class=\"mkdf-tour-type-name\">\n\t\t\t\t\t\t\t\tPrivado\t\t\t\t\t\t\t<\/h5>\n\n\t\t\t\t\t\t\t\t\t\t\t\t\t\t\t<span class=\"mkdf-tour-type-min-price-holder\">\n\t\t\t\t\t\t\t\t<span class=\"mkdf-tour-type-min-price-label\">\n\t\t\t\t\t\t\t\t\tFrom\t\t\t\t\t\t\t\t<\/span>\n\t\t\t\t\t\t\t\t<span class=\"mkdf-tour-type-min-price\">\n\t\t\t\t\t\t\t\t\t$45\t\t\t\t\t\t\t\t<\/span>\n\t\t\t\t\t\t\t<\/span>\n\t\t\t\t\t\t\t\t\t\t\t\t\t<\/a>\n\t\t\t\t\t<\/div>\n\t\t\t\t\t\t\t\t\t\t\t\t\t\t<div class=\"mkdf-tours-type-item mkdf-tours-row-item\">\n\t\t\t\t\t\t<a href=\"https:\/\/silveninternational.com\/hu\/tour-item\/?type%5B%5D=romantic\">\n\t\t\t\t\t\t\t\t\t\t\t\t\t\t<span class=\"mkdf-tour-type-icon\">\n\t\t\t\t\t\t\t\t<span aria-hidden=\"true\" class=\"mkdf-icon-font-elegant icon_heart\" ><\/span>\t\t\t\t\t\t\t<\/span>\n\t\t\t\t\t\t\t\n\t\t\t\t\t\t\t<h5 class=\"mkdf-tour-type-name\">\n\t\t\t\t\t\t\t\tRomantikus\t\t\t\t\t\t\t<\/h5>\n\n\t\t\t\t\t\t\t\t\t\t\t\t\t\t\t<span class=\"mkdf-tour-type-min-price-holder\">\n\t\t\t\t\t\t\t\t<span class=\"mkdf-tour-type-min-price-label\">\n\t\t\t\t\t\t\t\t\tFrom\t\t\t\t\t\t\t\t<\/span>\n\t\t\t\t\t\t\t\t<span class=\"mkdf-tour-type-min-price\">\n\t\t\t\t\t\t\t\t\t$1000\t\t\t\t\t\t\t\t<\/span>\n\t\t\t\t\t\t\t<\/span>\n\t\t\t\t\t\t\t\t\t\t\t\t\t<\/a>\n\t\t\t\t\t<\/div>\n\t\t\t\t\t\t\t\t\t\t\t\t\t\t<div class=\"mkdf-tours-type-item mkdf-tours-row-item\">\n\t\t\t\t\t\t<a href=\"https:\/\/silveninternational.com\/hu\/tour-item\/?type%5B%5D=sabana-de-la-mar-tours\">\n\t\t\t\t\t\t\t\n\t\t\t\t\t\t\t<h5 class=\"mkdf-tour-type-name\">\n\t\t\t\t\t\t\t\tSabana de la mar Tours\t\t\t\t\t\t\t<\/h5>\n\n\t\t\t\t\t\t\t\t\t\t\t\t\t\t\t<span class=\"mkdf-tour-type-min-price-holder\">\n\t\t\t\t\t\t\t\t<span class=\"mkdf-tour-type-min-price-label\">\n\t\t\t\t\t\t\t\t\tFrom\t\t\t\t\t\t\t\t<\/span>\n\t\t\t\t\t\t\t\t<span class=\"mkdf-tour-type-min-price\">\n\t\t\t\t\t\t\t\t\t$50\t\t\t\t\t\t\t\t<\/span>\n\t\t\t\t\t\t\t<\/span>\n\t\t\t\t\t\t\t\t\t\t\t\t\t<\/a>\n\t\t\t\t\t<\/div>\n\t\t\t\t\t\t\t\t\t\t\t\t\t\t<div class=\"mkdf-tours-type-item mkdf-tours-row-item\">\n\t\t\t\t\t\t<a href=\"https:\/\/silveninternational.com\/hu\/tour-item\/?type%5B%5D=el-limon-waterfalls\">\n\t\t\t\t\t\t\t\n\t\t\t\t\t\t\t<h5 class=\"mkdf-tour-type-name\">\n\t\t\t\t\t\t\t\tSalto El Limon\t\t\t\t\t\t\t<\/h5>\n\n\t\t\t\t\t\t\t\t\t\t\t\t\t\t\t<span class=\"mkdf-tour-type-min-price-holder\">\n\t\t\t\t\t\t\t\t<span class=\"mkdf-tour-type-min-price-label\">\n\t\t\t\t\t\t\t\t\tFrom\t\t\t\t\t\t\t\t<\/span>\n\t\t\t\t\t\t\t\t<span class=\"mkdf-tour-type-min-price\">\n\t\t\t\t\t\t\t\t\t$65\t\t\t\t\t\t\t\t<\/span>\n\t\t\t\t\t\t\t<\/span>\n\t\t\t\t\t\t\t\t\t\t\t\t\t<\/a>\n\t\t\t\t\t<\/div>\n\t\t\t\t\t\t\t\t\t\t\t\t\t\t<div class=\"mkdf-tours-type-item mkdf-tours-row-item\">\n\t\t\t\t\t\t<a href=\"https:\/\/silveninternational.com\/hu\/tour-item\/?type%5B%5D=samana\">\n\t\t\t\t\t\t\t\n\t\t\t\t\t\t\t<h5 class=\"mkdf-tour-type-name\">\n\t\t\t\t\t\t\t\tSamana Tours\t\t\t\t\t\t\t<\/h5>\n\n\t\t\t\t\t\t\t\t\t\t\t\t\t\t\t<span class=\"mkdf-tour-type-min-price-holder\">\n\t\t\t\t\t\t\t\t<span class=\"mkdf-tour-type-min-price-label\">\n\t\t\t\t\t\t\t\t\tFrom\t\t\t\t\t\t\t\t<\/span>\n\t\t\t\t\t\t\t\t<span class=\"mkdf-tour-type-min-price\">\n\t\t\t\t\t\t\t\t\t$55\t\t\t\t\t\t\t\t<\/span>\n\t\t\t\t\t\t\t<\/span>\n\t\t\t\t\t\t\t\t\t\t\t\t\t<\/a>\n\t\t\t\t\t<\/div>\n\t\t\t\t\t\t\t\t\t\t\t\t\t\t<div class=\"mkdf-tours-type-item mkdf-tours-row-item\">\n\t\t\t\t\t\t<a href=\"https:\/\/silveninternational.com\/hu\/tour-item\/?type%5B%5D=saona-island\">\n\t\t\t\t\t\t\t\n\t\t\t\t\t\t\t<h5 class=\"mkdf-tour-type-name\">\n\t\t\t\t\t\t\t\tSaona-sziget t\u00far\u00e1k\t\t\t\t\t\t\t<\/h5>\n\n\t\t\t\t\t\t\t\t\t\t\t\t\t\t\t<span class=\"mkdf-tour-type-min-price-holder\">\n\t\t\t\t\t\t\t\t<span class=\"mkdf-tour-type-min-price-label\">\n\t\t\t\t\t\t\t\t\tFrom\t\t\t\t\t\t\t\t<\/span>\n\t\t\t\t\t\t\t\t<span class=\"mkdf-tour-type-min-price\">\n\t\t\t\t\t\t\t\t\t$55\t\t\t\t\t\t\t\t<\/span>\n\t\t\t\t\t\t\t<\/span>\n\t\t\t\t\t\t\t\t\t\t\t\t\t<\/a>\n\t\t\t\t\t<\/div>\n\t\t\t\t\t\t\t\t\t\t\t\t\t\t<div class=\"mkdf-tours-type-item mkdf-tours-row-item\">\n\t\t\t\t\t\t<a href=\"https:\/\/silveninternational.com\/hu\/tour-item\/?type%5B%5D=tours-excursions-los-haitises-tours-sabana-de-la-mar-dominican-republic\">\n\t\t\t\t\t\t\t\n\t\t\t\t\t\t\t<h5 class=\"mkdf-tour-type-name\">\n\t\t\t\t\t\t\t\tKir\u00e1ndul\u00e1sok \u00e9s t\u00far\u00e1k Los Haitises t\u00far\u00e1k Sabana de la mar Dominikai K\u00f6zt\u00e1rsas\u00e1g\t\t\t\t\t\t\t<\/h5>\n\n\t\t\t\t\t\t\t\t\t\t\t\t\t\t\t<span class=\"mkdf-tour-type-min-price-holder\">\n\t\t\t\t\t\t\t\t<span class=\"mkdf-tour-type-min-price-label\">\n\t\t\t\t\t\t\t\t\tFrom\t\t\t\t\t\t\t\t<\/span>\n\t\t\t\t\t\t\t\t<span class=\"mkdf-tour-type-min-price\">\n\t\t\t\t\t\t\t\t\t$50\t\t\t\t\t\t\t\t<\/span>\n\t\t\t\t\t\t\t<\/span>\n\t\t\t\t\t\t\t\t\t\t\t\t\t<\/a>\n\t\t\t\t\t<\/div>\n\t\t\t\t\t\t\t\t\t\t\t\t\t\t<div class=\"mkdf-tours-type-item mkdf-tours-row-item\">\n\t\t\t\t\t\t<a href=\"https:\/\/silveninternational.com\/hu\/tour-item\/?type%5B%5D=vacation\">\n\t\t\t\t\t\t\t\t\t\t\t\t\t\t<span class=\"mkdf-tour-type-icon\">\n\t\t\t\t\t\t\t\t<span aria-hidden=\"true\" class=\"mkdf-icon-font-elegant icon_heart\" ><\/span>\t\t\t\t\t\t\t<\/span>\n\t\t\t\t\t\t\t\n\t\t\t\t\t\t\t<h5 class=\"mkdf-tour-type-name\">\n\t\t\t\t\t\t\t\tVak\u00e1ci\u00f3\t\t\t\t\t\t\t<\/h5>\n\n\t\t\t\t\t\t\t\t\t\t\t\t\t\t\t<span class=\"mkdf-tour-type-min-price-holder\">\n\t\t\t\t\t\t\t\t<span class=\"mkdf-tour-type-min-price-label\">\n\t\t\t\t\t\t\t\t\tFrom\t\t\t\t\t\t\t\t<\/span>\n\t\t\t\t\t\t\t\t<span class=\"mkdf-tour-type-min-price\">\n\t\t\t\t\t\t\t\t\t$910\t\t\t\t\t\t\t\t<\/span>\n\t\t\t\t\t\t\t<\/span>\n\t\t\t\t\t\t\t\t\t\t\t\t\t<\/a>\n\t\t\t\t\t<\/div>\n\t\t\t\t\t\t\t\t\t\t\t\t\t\t<div class=\"mkdf-tours-type-item mkdf-tours-row-item\">\n\t\t\t\t\t\t<a href=\"https:\/\/silveninternational.com\/hu\/tour-item\/?type%5B%5D=whales-samana\">\n\t\t\t\t\t\t\t\n\t\t\t\t\t\t\t<h5 class=\"mkdf-tour-type-name\">\n\t\t\t\t\t\t\t\tB\u00e1ln\u00e1k Samana\t\t\t\t\t\t\t<\/h5>\n\n\t\t\t\t\t\t\t\t\t\t\t\t\t\t\t<span class=\"mkdf-tour-type-min-price-holder\">\n\t\t\t\t\t\t\t\t<span class=\"mkdf-tour-type-min-price-label\">\n\t\t\t\t\t\t\t\t\tFrom\t\t\t\t\t\t\t\t<\/span>\n\t\t\t\t\t\t\t\t<span class=\"mkdf-tour-type-min-price\">\n\t\t\t\t\t\t\t\t\t$65\t\t\t\t\t\t\t\t<\/span>\n\t\t\t\t\t\t\t<\/span>\n\t\t\t\t\t\t\t\t\t\t\t\t\t<\/a>\n\t\t\t\t\t<\/div>\n\t\t\t\t\t\t\t<\/div>\n\t\t<\/div>\n\t<\/div><\/div><\/div><\/div><\/div>","protected":false},"excerpt":{"rendered":"<p>metaseo_404_page<\/p>","protected":false},"author":1,"featured_media":0,"parent":0,"menu_order":0,"comment_status":"closed","ping_status":"closed","template":"","meta":{"footnotes":""},"class_list":["post-6861","page","type-page","status-publish","hentry"],"_links":{"self":[{"href":"https:\/\/silveninternational.com\/hu\/wp-json\/wp\/v2\/pages\/6861","targetHints":{"allow":["GET"]}}],"collection":[{"href":"https:\/\/silveninternational.com\/hu\/wp-json\/wp\/v2\/pages"}],"about":[{"href":"https:\/\/silveninternational.com\/hu\/wp-json\/wp\/v2\/types\/page"}],"author":[{"embeddable":true,"href":"https:\/\/silveninternational.com\/hu\/wp-json\/wp\/v2\/users\/1"}],"replies":[{"embeddable":true,"href":"https:\/\/silveninternational.com\/hu\/wp-json\/wp\/v2\/comments?post=6861"}],"version-history":[{"count":0,"href":"https:\/\/silveninternational.com\/hu\/wp-json\/wp\/v2\/pages\/6861\/revisions"}],"wp:attachment":[{"href":"https:\/\/silveninternational.com\/hu\/wp-json\/wp\/v2\/media?parent=6861"}],"curies":[{"name":"wp","href":"https:\/\/api.w.org\/{rel}","templated":true}]}}